{"id":343,"date":"2019-01-06T09:06:15","date_gmt":"2019-01-06T09:06:15","guid":{"rendered":"https:\/\/telluturkka.fi\/?page_id=343"},"modified":"2022-04-03T09:52:23","modified_gmt":"2022-04-03T09:52:23","slug":"cv-tellu-turkka","status":"publish","type":"page","link":"https:\/\/telluturkka.fi\/en\/cv-tellu-turkka\/","title":{"rendered":"CV Tellu Turkka"},"content":{"rendered":"<p>\ufffc<br \/>\nTELLU TURKKA<br \/>\n(ent. Virkkala, os. Paulasto)<br \/>\nAholampi 7<br \/>\n83480 Ahonkyl\u00e4<br \/>\nPuh. +358500708941<br \/>\nEmail: tellu.turkka@gmail.com<br \/>\nwww.telluturkka.fi<\/p>\n<p>S\u00c4VELLYKSET:<\/p>\n<p>Isompia kuoroteoksia 15kpl, esim:<\/p>\n<p>DERT (2021, Karmina slovenica -kuoron tilaus, kesto 46min.)<\/p>\n<p>Baba Yaga &#8211; H\u00e4pe\u00e4m\u00e4t\u00f6n! (2021, Sisaruet -kuorolle, k.e. 15.4.2021)<\/p>\n<p>K\u00e4det\u00f6n neito (2009, Philomela-kuoron tilaus, Sulasol)<\/p>\n<p>Luurankonainen (2007, Grex Musicus -kuoron tilaus, Sulasol)<\/p>\n<p>Suden aika (1995, Philomela-kuoro esitt\u00e4nyt 1998 l\u00e4htien, Sulasol)<\/p>\n<p>Pieni\u00e4 lauluja ja sovituksia noin 100kpl, esim:<\/p>\n<p>Viis\u00b4 astu ja heti viisastu! (2016, Lahden Musiikkiluokkien tilaus, Sulasol)<\/p>\n<p>Kolme k\u00e4ke\u00e4 (2016, Joensuun naiskuoron tilaus, Sulasol)<\/p>\n<p>H\u00e4n on. (2015, Walt Whitman College Choir:n tilaus, USA)<\/p>\n<p>Sorjani, sisarueni! (2014, Sorja-kuoron tilaus, Sulasol)<\/p>\n<p>\u00c4\u00c4NITTEET:<\/p>\n<p>20kpl, esim:<\/p>\n<p>Luurankonainen (2019, Turkka &#038; Alakotila, Seita Music Ky)<\/p>\n<p>Maitolaiturin tyt\u00f6t: Iskus\u00e4veli\u00e4 vol 1 (omakustanne, 2017)<\/p>\n<p>Hedningarna: Kult! (2016, Silence Records) <\/p>\n<p>Tellu &#038; Suden aika: Suojaavat siipes (2011, Her\u00e4tt\u00e4j\u00e4-Yhdistys)<\/p>\n<p>Liisa &#038; Tellu: Vienan naisia (2011, \u00c4\u00e4ni\u00e4 Records)<\/p>\n<p>PALKINNOT JA TUNNUSTUKSET:<\/p>\n<p>Kalevalaseuran j\u00e4sen (2006)<br \/>\nVuoden kansanmusiikkilevy (Tellu: Suden aika, 1996)<br \/>\nRuotsin Grammy-palkinto (Hedningarna: Kaksi! 1992)<\/p>\n<p>YHTYEET JA KOKOONPANOT:<\/p>\n<p>15kpl, t\u00e4ll\u00e4 hetkell\u00e4 aktiivisia:<\/p>\n<p>2017- duo Tellu Turkka &#038; Timo Alakotila<br \/>\n1997- duo Liisa Matveinen &#038; Tellu Turkka<br \/>\n2014- Maitolaiturin tyt\u00f6t (Eveliina Pietarinen, Marita Koskelo, Tellu Turkka)<br \/>\n2015- Naiskuoro Sisaruet (roolini: kuoronjohtaja, hovis\u00e4velt\u00e4j\u00e4)<\/p>\n<p>PROJEKTIT JA PRODUKTIOT:<\/p>\n<p>Vuodesta 1997 l\u00e4htien monitaiteellisia performansseja, teatterimusiikkia,<br \/>\nerilaisia liikkuvia kuoroteoksia, esim:<\/p>\n<p>2020 Teill\u00e4 ei ollut nimi\u00e4 (Teatteri V\u00e4\u00e4r\u00e4py\u00f6r\u00e4n 25v. Juhlan\u00e4ytelm\u00e4, k\u00e4sikirjoitus: Reko Lundan, ohjaus: Hannele Autti, musiikin sovitus ja ohjaus: Tellu Turkka)<br \/>\n2017-2018 Luurankonainen \u2013 Tummia tarinoita rakkaudesta (draamallinen konsertti Pakkahuoneelle. Oma roolini: ohjaus, kuoron harjoittaminen, osan materiaalin s\u00e4vellys- ja sovitusty\u00f6, solistina sek\u00e4 kuoronjohtajana ett\u00e4 muusikkona. 6 loppuunmyyty\u00e4 esityst\u00e4.)<br \/>\n2017 Seitsem\u00e4nosainen performanssisarja &#8220;Onni suosii rohkeaa!&#8221; yhdess\u00e4 taiteilija P\u00e4ivi Saarelman<br \/>\nja tanssija Minni Hirvosen kanssa Joensuun Taidemuseo Onniin<br \/>\n2016 Operaatio Keijokaiset &#8211; akrobatiaa, kuorolaulua ja performanssia yhdist\u00e4v\u00e4 teos Joen Y\u00f6h\u00f6n<br \/>\n2015 Enkeleit\u00e4 ja arjen jumalattaria -liikkuva kuoroteos Klemettiopiston naiskuorolle Orivedelle (S\u00e4v. ja musiikin ohjaus Tellu Turkka, koreografia ja ohjaus P\u00e4ivi J\u00e4rvinen, kuoronjohto musiikkineuvos Marjukka Riihim\u00e4ki)<\/p>\n<p>SAADUT HENKIL\u00d6KOHTAISET APURAHAT VIIMEISELT\u00c4 KOLMELTA VUODELTA:<br \/>\n2019: Taiken P-K:n rahasto: 6kk s\u00e4vellys- ja sanoitusty\u00f6h\u00f6n<br \/>\n2020: MES Korona-apuraha 1733\u20ac<br \/>\n2020: Taike: Korona-apuraha 3000\u20ac<br \/>\n2021: Taiken 1-vuotinen taiteilija-apuraha <\/p>\n<p>Joensuussa 4.2.2021<\/p>\n<p>Tellu Turkka<\/p>\n<p>\ufffc<\/p>\n","protected":false},"excerpt":{"rendered":"<p>\ufffc TELLU TURKKA (ent. Virkkala, os. Paulasto) Aholampi 7 83480 Ahonkyl\u00e4 Puh. +358500708941 Email: tellu.turkka@gmail.com www.telluturkka.fi S\u00c4VELLYKSET: Isompia kuoroteoksia 15kpl, esim: DERT (2021, Karmina slovenica -kuoron tilaus, kesto 46min.) Baba Yaga &#8211; H\u00e4pe\u00e4m\u00e4t\u00f6n! (2021, Sisaruet -kuorolle, k.e. 15.4.2021) K\u00e4det\u00f6n neito (2009, Philomela-kuoron tilaus, Sulasol) Luurankonainen (2007, Grex Musicus -kuoron tilaus, Sulasol) Suden aika (1995, Philomela-kuoro &hellip; <\/p>\n<p class=\"link-more\"><a href=\"https:\/\/telluturkka.fi\/en\/cv-tellu-turkka\/\" class=\"more-link\">Continue reading<span class=\"screen-reader-text\"> &#8220;CV Tellu Turkka&#8221;<\/span><\/a><\/p>\n","protected":false},"author":2,"featured_media":166,"parent":0,"menu_order":0,"comment_status":"closed","ping_status":"closed","template":"","meta":{"footnotes":""},"class_list":["post-343","page","type-page","status-publish","has-post-thumbnail","hentry"],"translation":{"provider":"WPGlobus","version":"3.0.0","language":"en","enabled_languages":["fi","en"],"languages":{"fi":{"title":true,"content":true,"excerpt":false},"en":{"title":false,"content":false,"excerpt":false}}},"jetpack_sharing_enabled":true,"_links":{"self":[{"href":"https:\/\/telluturkka.fi\/en\/wp-json\/wp\/v2\/pages\/343","targetHints":{"allow":["GET"]}}],"collection":[{"href":"https:\/\/telluturkka.fi\/en\/wp-json\/wp\/v2\/pages"}],"about":[{"href":"https:\/\/telluturkka.fi\/en\/wp-json\/wp\/v2\/types\/page"}],"author":[{"embeddable":true,"href":"https:\/\/telluturkka.fi\/en\/wp-json\/wp\/v2\/users\/2"}],"replies":[{"embeddable":true,"href":"https:\/\/telluturkka.fi\/en\/wp-json\/wp\/v2\/comments?post=343"}],"version-history":[{"count":7,"href":"https:\/\/telluturkka.fi\/en\/wp-json\/wp\/v2\/pages\/343\/revisions"}],"predecessor-version":[{"id":609,"href":"https:\/\/telluturkka.fi\/en\/wp-json\/wp\/v2\/pages\/343\/revisions\/609"}],"wp:featuredmedia":[{"embeddable":true,"href":"https:\/\/telluturkka.fi\/en\/wp-json\/wp\/v2\/media\/166"}],"wp:attachment":[{"href":"https:\/\/telluturkka.fi\/en\/wp-json\/wp\/v2\/media?parent=343"}],"curies":[{"name":"wp","href":"https:\/\/api.w.org\/{rel}","templated":true}]}}