{"id":334,"date":"2019-01-06T08:14:02","date_gmt":"2019-01-06T08:14:02","guid":{"rendered":"https:\/\/telluturkka.fi\/?page_id=334"},"modified":"2019-01-06T08:14:08","modified_gmt":"2019-01-06T08:14:08","slug":"hedningarna","status":"publish","type":"page","link":"https:\/\/telluturkka.fi\/en\/hedningarna\/","title":{"rendered":"Hedningarna"},"content":{"rendered":"\n<p class=\"has-text-color has-background has-very-dark-gray-color has-luminous-vivid-orange-background-color\">Muistatko s\u00e4hk\u00f6isen vuohenmahan \u00e4\u00e4nen tai borduunoiden surinan, jotka kuin nousivat maanalaisista tunneleista ja koloista ja kutsuivat silmien eteen ikivanhoja aikoja, jonkinlaista esiaikaista perint\u00f6\u00e4, jota me kaikki kannamme? Jos olit mukana 1992, kun Hedningarnan toinen albumi Kaksi! julkaistiin, niin muistat!<\/p>\n\n\n\n<p class=\"has-text-color has-background has-very-dark-gray-color has-luminous-vivid-orange-background-color\">T\u00e4ll\u00e4 albumilla nimitt\u00e4in j\u00e4tettiin aikakirjoihin pysyv\u00e4 j\u00e4lki sek\u00e4 ruotsalaiseen musiikkiel\u00e4m\u00e4\u00e4n yleisesti ett\u00e4 kansanmusiikkiin erityisesti. Hedningarnan uniikki sekoitus keskiaikaista groovea, metalliriffej\u00e4, latotanssien riemua, suomalaista naislaulua, ikivanhoja soittimia ja modernia elektroniikkaa oli nimitt\u00e4in jotain t\u00e4ysin ennen kuulematonta. <\/p>\n\n\n\n<p class=\"has-text-color has-background has-very-dark-gray-color has-luminous-vivid-orange-background-color\">Hedningarna teki kansainv\u00e4lisen l\u00e4pimurron kiert\u00e4ess\u00e4\u00e4n Eurooppaa. Min\u00e4 olin mukana 1990-1996 ja sitten uudelleen Liisa Matveisen kanssa 2000-2003. J\u00e4lkimm\u00e4inen aika oli erityisen antoisaa. Teimme Liisan kanssa sarjan tuhteja biisej\u00e4, jotka julkaistiin 2016 KULT -albumilla muun julkaisemattoman materiaalin mukana. Hieno ja opettavainen seikkailu kaiken kaikkiaan!<\/p>\n","protected":false},"excerpt":{"rendered":"<p>Muistatko s\u00e4hk\u00f6isen vuohenmahan \u00e4\u00e4nen tai borduunoiden surinan, jotka kuin nousivat maanalaisista tunneleista ja koloista ja kutsuivat silmien eteen ikivanhoja aikoja, jonkinlaista esiaikaista perint\u00f6\u00e4, jota me kaikki kannamme? Jos olit mukana 1992, kun Hedningarnan toinen albumi Kaksi! julkaistiin, niin muistat! T\u00e4ll\u00e4 albumilla nimitt\u00e4in j\u00e4tettiin aikakirjoihin pysyv\u00e4 j\u00e4lki sek\u00e4 ruotsalaiseen musiikkiel\u00e4m\u00e4\u00e4n yleisesti ett\u00e4 kansanmusiikkiin erityisesti. Hedningarnan uniikki &hellip; <\/p>\n<p class=\"link-more\"><a href=\"https:\/\/telluturkka.fi\/en\/hedningarna\/\" class=\"more-link\">Continue reading<span class=\"screen-reader-text\"> &#8220;Hedningarna&#8221;<\/span><\/a><\/p>\n","protected":false},"author":2,"featured_media":337,"parent":0,"menu_order":0,"comment_status":"closed","ping_status":"closed","template":"","meta":{"footnotes":""},"class_list":["post-334","page","type-page","status-publish","has-post-thumbnail","hentry"],"translation":{"provider":"WPGlobus","version":"3.0.0","language":"en","enabled_languages":["fi","en"],"languages":{"fi":{"title":true,"content":true,"excerpt":false},"en":{"title":false,"content":false,"excerpt":false}}},"jetpack_sharing_enabled":true,"_links":{"self":[{"href":"https:\/\/telluturkka.fi\/en\/wp-json\/wp\/v2\/pages\/334","targetHints":{"allow":["GET"]}}],"collection":[{"href":"https:\/\/telluturkka.fi\/en\/wp-json\/wp\/v2\/pages"}],"about":[{"href":"https:\/\/telluturkka.fi\/en\/wp-json\/wp\/v2\/types\/page"}],"author":[{"embeddable":true,"href":"https:\/\/telluturkka.fi\/en\/wp-json\/wp\/v2\/users\/2"}],"replies":[{"embeddable":true,"href":"https:\/\/telluturkka.fi\/en\/wp-json\/wp\/v2\/comments?post=334"}],"version-history":[{"count":3,"href":"https:\/\/telluturkka.fi\/en\/wp-json\/wp\/v2\/pages\/334\/revisions"}],"predecessor-version":[{"id":341,"href":"https:\/\/telluturkka.fi\/en\/wp-json\/wp\/v2\/pages\/334\/revisions\/341"}],"wp:featuredmedia":[{"embeddable":true,"href":"https:\/\/telluturkka.fi\/en\/wp-json\/wp\/v2\/media\/337"}],"wp:attachment":[{"href":"https:\/\/telluturkka.fi\/en\/wp-json\/wp\/v2\/media?parent=334"}],"curies":[{"name":"wp","href":"https:\/\/api.w.org\/{rel}","templated":true}]}}