{"id":309,"date":"2018-06-25T09:05:04","date_gmt":"2018-06-25T09:05:04","guid":{"rendered":"https:\/\/telluturkka.fi\/?page_id=309"},"modified":"2023-05-25T18:35:41","modified_gmt":"2023-05-25T18:35:41","slug":"duo-liisa-matveinen-tellu-turkka","status":"publish","type":"page","link":"https:\/\/telluturkka.fi\/en\/duo-liisa-matveinen-tellu-turkka\/","title":{"rendered":"Duo Liisa Matveinen &#038; Tellu Turkka"},"content":{"rendered":"<p>Duo Liisa Matveinen &#038; Tellu Turkka: IRO<\/p>\n<p>Uusi cd IRO julkaistaan 26.5.2023! Julkaisijana toimii saksalainen Laika Records. Meill\u00e4 on levyll\u00e4 mukana mahtavia vieraita: Hedningarna -kollegat H\u00e5llbus Totte Mattsson ja Samuel Looptok Andersson, sek\u00e4 joensuulainen multi-instrumentalisti Eveliina Pietarinen. Liisan kanteleen, minun udun ja moraharpun lis\u00e4ksi levyll\u00e4 soi ly\u00f6m\u00e4liira, kampiliira, bassoviulu, perkussiot, rummut, munniharppu, moraoud ja hummeli. Yhteisty\u00f6 sujui loistavasti, vaikka kaikki tehtiin et\u00e4n\u00e4. Raidat vaan sinkoilivat Pohjanlahden yli..<\/p>\n<p> Koronasulkujen alla on syntyi siis sarja uusia lauluja upean Iro Sissottaren teksteihin. Kun korona vei keikat ja aikaa oli, niin p\u00e4\u00e4timme luoda kokonaisuuden v\u00e4h\u00e4n laajemmalla pensselill\u00e4 ja niin Liisa kutoi pellavakankaat, joista ompelija Marjaana Laatikainen teki uudet ja upeat esiintymisvaatteet. Min\u00e4 suunnittelin lauluista kertovat kuvat, jotka painettiin mekkoihin serigrafiana. N\u00e4in siis ihan kirjaimellisesti loimme itsemme uudelleen. Seulat on tallessa ja t-paitojen tuotanto on jo alkanut. Kunhan ehdin grafiikanpajalle, niit\u00e4 syntyy lis\u00e4\u00e4. Laitan kuvia, niin voitte tilata mieleisenne! Malleja ja v\u00e4rej\u00e4 on t\u00e4ll\u00e4 kertaa useita.<br \/>\nkuva: Karoliina Gavrilov<\/p>\n<figure id=\"attachment_649\" aria-describedby=\"caption-attachment-649\" style=\"width: 300px\" class=\"wp-caption alignnone\"><a href=\"https:\/\/telluturkka.fi\/wp-content\/uploads\/2022\/12\/L-T-mekot-printit-soittimet-scaled.jpg\"><img loading=\"lazy\" decoding=\"async\" src=\"https:\/\/telluturkka.fi\/wp-content\/uploads\/2022\/12\/L-T-mekot-printit-soittimet-300x200.jpg\" alt=\"\" width=\"300\" height=\"200\" class=\"size-medium wp-image-649\" srcset=\"https:\/\/telluturkka.fi\/wp-content\/uploads\/2022\/12\/L-T-mekot-printit-soittimet-300x200.jpg 300w, https:\/\/telluturkka.fi\/wp-content\/uploads\/2022\/12\/L-T-mekot-printit-soittimet-1024x683.jpg 1024w, https:\/\/telluturkka.fi\/wp-content\/uploads\/2022\/12\/L-T-mekot-printit-soittimet-768x512.jpg 768w, https:\/\/telluturkka.fi\/wp-content\/uploads\/2022\/12\/L-T-mekot-printit-soittimet-1536x1024.jpg 1536w, https:\/\/telluturkka.fi\/wp-content\/uploads\/2022\/12\/L-T-mekot-printit-soittimet-2048x1365.jpg 2048w\" sizes=\"auto, (max-width: 300px) 100vw, 300px\" \/><\/a><figcaption id=\"caption-attachment-649\" class=\"wp-caption-text\">Karoliina Gavrilov +358443050184 karoliina.gavrilov@gmail.com<\/figcaption><\/figure>\n<p>Tietoja:<\/p>\n<p>Liisa Matveinen ja Tellu Turkka ovat pitk\u00e4n linjan runonlaulajia. Duon yhteisty\u00f6 alkoi vuonna 1994.  1999 julkaistiin duon ensimm\u00e4inen cd Mateli, joka perustuu ilomantsilaisen Mateli Kuivalattaren runoihin. Yhteisty\u00f6 jatkui niin ruotsalais-suomalaisessa Hedningarna -yhtyeess\u00e4 kuin Suden aika -kvartetissa vuoteen 2008. Vuonna 2011 julkaistiin duon toinen cd Vienan naisia, joka sis\u00e4lt\u00e4\u00e4 vienalaisten naisrunonlaulajien tekstej\u00e4. Liisa ja Tellu paitsi s\u00e4velt\u00e4v\u00e4t omaa musiikkia, my\u00f6s sovittavat vanhoja runos\u00e4velmi\u00e4. S\u00e4estyssoittimina ovat kanteleet, ruotsalainen moraharppu sek\u00e4 savesta tehty udu-rumpu. <\/p>\n<p>Iro Sissotar (1797-1853), kuuluisan Simana Sissosen sisar oli veljens\u00e4 tavoin huomattava runonlaulaja, jolta Europaeus vuonna 1846 pani muistiin per\u00e4ti 78 laulua nelj\u00e4n p\u00e4iv\u00e4n aikana. Iro meni naimisiin v. 1823 Miikkula Jeskasen kanssa ja asui Ilomantsin Ostronsaaressa. Osa Iron lauluja on s\u00e4ilynyt h\u00e4nen poikiensa laulamina. Iro oli erityisesti tunnelmarunojen erinomainen muistossa-s\u00e4ilytt\u00e4j\u00e4.<\/p>\n<p>Magdalena Kuivalainen (1771-1846), eli Mateli Kuivalatar oli ilomantsilainen, Koitereen rannalla el\u00e4nyt runonlaulaja. Mateli osasi tunnelmoida syd\u00e4meenk\u00e4yv\u00e4sti lyyrisi\u00e4 lauluja, mutta pystyi my\u00f6s loitsimaan hurjalla kiihkolla ja hiuksia nostattavalla tavalla. H\u00e4n lauloi kaksi p\u00e4iv\u00e4\u00e4 Elias L\u00f6nnrotille vuonna 1838. Matelin runoista muodostui kivijalka Kanteletar-runokokoelmaan.<\/p>\n","protected":false},"excerpt":{"rendered":"<p>Duo Liisa Matveinen &#038; Tellu Turkka: IRO Uusi cd IRO julkaistaan 26.5.2023! Julkaisijana toimii saksalainen Laika Records. Meill\u00e4 on levyll\u00e4 mukana mahtavia vieraita: Hedningarna -kollegat H\u00e5llbus Totte Mattsson ja Samuel Looptok Andersson, sek\u00e4 joensuulainen multi-instrumentalisti Eveliina Pietarinen. Liisan kanteleen, minun udun ja moraharpun lis\u00e4ksi levyll\u00e4 soi ly\u00f6m\u00e4liira, kampiliira, bassoviulu, perkussiot, rummut, munniharppu, moraoud ja hummeli. &hellip; <\/p>\n<p class=\"link-more\"><a href=\"https:\/\/telluturkka.fi\/en\/duo-liisa-matveinen-tellu-turkka\/\" class=\"more-link\">Continue reading<span class=\"screen-reader-text\"> &#8220;Duo Liisa Matveinen &#038; Tellu Turkka&#8221;<\/span><\/a><\/p>\n","protected":false},"author":2,"featured_media":650,"parent":0,"menu_order":0,"comment_status":"closed","ping_status":"closed","template":"","meta":{"footnotes":""},"class_list":["post-309","page","type-page","status-publish","has-post-thumbnail","hentry"],"translation":{"provider":"WPGlobus","version":"3.0.0","language":"en","enabled_languages":["fi","en"],"languages":{"fi":{"title":true,"content":true,"excerpt":false},"en":{"title":false,"content":false,"excerpt":false}}},"jetpack_sharing_enabled":true,"_links":{"self":[{"href":"https:\/\/telluturkka.fi\/en\/wp-json\/wp\/v2\/pages\/309","targetHints":{"allow":["GET"]}}],"collection":[{"href":"https:\/\/telluturkka.fi\/en\/wp-json\/wp\/v2\/pages"}],"about":[{"href":"https:\/\/telluturkka.fi\/en\/wp-json\/wp\/v2\/types\/page"}],"author":[{"embeddable":true,"href":"https:\/\/telluturkka.fi\/en\/wp-json\/wp\/v2\/users\/2"}],"replies":[{"embeddable":true,"href":"https:\/\/telluturkka.fi\/en\/wp-json\/wp\/v2\/comments?post=309"}],"version-history":[{"count":7,"href":"https:\/\/telluturkka.fi\/en\/wp-json\/wp\/v2\/pages\/309\/revisions"}],"predecessor-version":[{"id":505,"href":"https:\/\/telluturkka.fi\/en\/wp-json\/wp\/v2\/pages\/309\/revisions\/505"}],"wp:featuredmedia":[{"embeddable":true,"href":"https:\/\/telluturkka.fi\/en\/wp-json\/wp\/v2\/media\/650"}],"wp:attachment":[{"href":"https:\/\/telluturkka.fi\/en\/wp-json\/wp\/v2\/media?parent=309"}],"curies":[{"name":"wp","href":"https:\/\/api.w.org\/{rel}","templated":true}]}}