{"id":298,"date":"2018-05-08T13:52:57","date_gmt":"2018-05-08T13:52:57","guid":{"rendered":"https:\/\/telluturkka.fi\/?page_id=298"},"modified":"2018-05-08T13:52:57","modified_gmt":"2018-05-08T13:52:57","slug":"duo-tellu-turkka-timo-alakotila","status":"publish","type":"page","link":"https:\/\/telluturkka.fi\/en\/duo-tellu-turkka-timo-alakotila\/","title":{"rendered":"Duo Tellu Turkka &#038; Timo Alakotila"},"content":{"rendered":"<p>&nbsp;<\/p>\n<p><iframe loading=\"lazy\" title=\"Luurankonainen, Osa3\" width=\"525\" height=\"295\" src=\"https:\/\/www.youtube.com\/embed\/iXcLPGxQfFc?feature=oembed\" frameborder=\"0\" allow=\"accelerometer; autoplay; clipboard-write; encrypted-media; gyroscope; picture-in-picture; web-share\" referrerpolicy=\"strict-origin-when-cross-origin\" allowfullscreen><\/iframe><\/p>\n<p>Tellu Turkka &amp; Timo Alakotila: Luurankonainen &amp; muita Y\u00f6kulkijan lauluja<\/p>\n<p>Olemme viritt\u00e4neet vanhan yhteisty\u00f6n uudelle tasolle. Ensimm\u00e4iset esiintymiset olivat viime marraskuussa 2017 Sisaruet-kuoroni draamallisessa konsertissa &#8220;Luurankonainen&#8221;, jonka 20 minuuttisen nimikappaleen duomme esitti marras- ja tammikuussa Joensuussa Pakkahuoneen loppuunmyydyille saleille. Seuraava duokeikkamme on R\u00e4\u00e4kkyl\u00e4n Kihauksessa 7.7. 2018. Nauhoitamme loppusyksyst\u00e4 cd:n, joka julkaistaan Sibelius-Akatemian julkaisusarjassa 2019. Min\u00e4 nautin t\u00e4st\u00e4 musiikista syv\u00e4sti. Harvoin kokee t\u00e4llaista muusikoiden v\u00e4list\u00e4 kommunikaatiota, joka pelaa valon nopeudella, selk\u00e4ydintasolla! Konsertti toimii niin pieness\u00e4 kuin isossakin tilassa, \u00e4\u00e4nentoistolla tahi ilman. Tilatkaa pois!<\/p>\n","protected":false},"excerpt":{"rendered":"<p>&nbsp; Tellu Turkka &amp; Timo Alakotila: Luurankonainen &amp; muita Y\u00f6kulkijan lauluja Olemme viritt\u00e4neet vanhan yhteisty\u00f6n uudelle tasolle. Ensimm\u00e4iset esiintymiset olivat viime marraskuussa 2017 Sisaruet-kuoroni draamallisessa konsertissa &#8220;Luurankonainen&#8221;, jonka 20 minuuttisen nimikappaleen duomme esitti marras- ja tammikuussa Joensuussa Pakkahuoneen loppuunmyydyille saleille. Seuraava duokeikkamme on R\u00e4\u00e4kkyl\u00e4n Kihauksessa 7.7. 2018. Nauhoitamme loppusyksyst\u00e4 cd:n, joka julkaistaan Sibelius-Akatemian julkaisusarjassa 2019. &hellip; <\/p>\n<p class=\"link-more\"><a href=\"https:\/\/telluturkka.fi\/en\/duo-tellu-turkka-timo-alakotila\/\" class=\"more-link\">Continue reading<span class=\"screen-reader-text\"> &#8220;Duo Tellu Turkka &#038; Timo Alakotila&#8221;<\/span><\/a><\/p>\n","protected":false},"author":2,"featured_media":0,"parent":0,"menu_order":0,"comment_status":"closed","ping_status":"closed","template":"","meta":{"footnotes":""},"class_list":["post-298","page","type-page","status-publish","hentry"],"translation":{"provider":"WPGlobus","version":"3.0.0","language":"en","enabled_languages":["fi","en"],"languages":{"fi":{"title":true,"content":true,"excerpt":false},"en":{"title":false,"content":false,"excerpt":false}}},"jetpack_sharing_enabled":true,"_links":{"self":[{"href":"https:\/\/telluturkka.fi\/en\/wp-json\/wp\/v2\/pages\/298","targetHints":{"allow":["GET"]}}],"collection":[{"href":"https:\/\/telluturkka.fi\/en\/wp-json\/wp\/v2\/pages"}],"about":[{"href":"https:\/\/telluturkka.fi\/en\/wp-json\/wp\/v2\/types\/page"}],"author":[{"embeddable":true,"href":"https:\/\/telluturkka.fi\/en\/wp-json\/wp\/v2\/users\/2"}],"replies":[{"embeddable":true,"href":"https:\/\/telluturkka.fi\/en\/wp-json\/wp\/v2\/comments?post=298"}],"version-history":[{"count":1,"href":"https:\/\/telluturkka.fi\/en\/wp-json\/wp\/v2\/pages\/298\/revisions"}],"predecessor-version":[{"id":300,"href":"https:\/\/telluturkka.fi\/en\/wp-json\/wp\/v2\/pages\/298\/revisions\/300"}],"wp:attachment":[{"href":"https:\/\/telluturkka.fi\/en\/wp-json\/wp\/v2\/media?parent=298"}],"curies":[{"name":"wp","href":"https:\/\/api.w.org\/{rel}","templated":true}]}}