{"id":19,"date":"2015-09-08T13:33:27","date_gmt":"2015-09-08T13:33:27","guid":{"rendered":"https:\/\/telluturkka.fi\/?page_id=19"},"modified":"2024-02-25T08:34:04","modified_gmt":"2024-02-25T08:34:04","slug":"savellykset","status":"publish","type":"page","link":"https:\/\/telluturkka.fi\/en\/savellykset\/","title":{"rendered":"Compositions \/ Choral works"},"content":{"rendered":"<p><a href=\"https:\/\/telluturkka.fi\/wp-content\/uploads\/2022\/02\/hohtavat-hanskat-scaled.jpg\"><img loading=\"lazy\" decoding=\"async\" class=\"alignnone size-medium wp-image-596\" src=\"https:\/\/telluturkka.fi\/wp-content\/uploads\/2022\/02\/hohtavat-hanskat-300x225.jpg\" alt=\"\" width=\"300\" height=\"225\" srcset=\"https:\/\/telluturkka.fi\/wp-content\/uploads\/2022\/02\/hohtavat-hanskat-300x225.jpg 300w, https:\/\/telluturkka.fi\/wp-content\/uploads\/2022\/02\/hohtavat-hanskat-1024x768.jpg 1024w, https:\/\/telluturkka.fi\/wp-content\/uploads\/2022\/02\/hohtavat-hanskat-768x576.jpg 768w, https:\/\/telluturkka.fi\/wp-content\/uploads\/2022\/02\/hohtavat-hanskat-1536x1152.jpg 1536w, https:\/\/telluturkka.fi\/wp-content\/uploads\/2022\/02\/hohtavat-hanskat-2048x1536.jpg 2048w\" sizes=\"auto, (max-width: 300px) 100vw, 300px\" \/><\/a><\/p>\n<p>BABA YAGA &#8211; H\u00c4PE\u00c4M\u00c4T\u00d6N! on liikkuva kuoroteos, joka kantaesitettiin Joensuussa 5.11.2021. Teos on kokonaan kalevalamittaan kirjoitettu saaga naisen matkasta valtaan ja voimaan.<\/p>\n<p>Turkan libretto ja s\u00e4vellys pohjaavat vanhaan ven\u00e4l\u00e4iseen, karjalassakin molemmin puolin rajaa hyvin tunnettuun satuun Viisas Vasalisa. Turkan teoksessa neito on saanut nimen Malina ja nukke on on vaihtunut Karjalassa paremmin tunnettuun sielulintuun. Nuori neito Malina saa \u00e4idilt\u00e4\u00e4n t\u00e4m\u00e4n kuolinvuoteella pienen puisen linnun, jonka on m\u00e4\u00e4r\u00e4 auttaa tytt\u00f6\u00e4 el\u00e4m\u00e4n vaikeuksissa. Tytt\u00f6 joutuukin pian uuden \u00e4itipuolen ja sisarpuolien orjuuttamaksi. Is\u00e4n l\u00e4htiess\u00e4 matkalle \u00e4itipuoli p\u00e4\u00e4tt\u00e4\u00e4 hankkiutua Malinasta lopullisesti eroon. \u00c4itipuoli sammuttaa talosta tulet ja k\u00e4skee Malinan l\u00e4hte\u00e4 tulen hakuun pel\u00e4tyn noidan Baba Yagan luota. T\u00e4st\u00e4 alkaa Malinan pitk\u00e4 ja vaarallinen matka. Linnun neuvoilla h\u00e4n selvi\u00e4\u00e4 matkastaan, onnistuu saamaan Baba Yagan tulen ja vapautumaan orjuudesta. Malinasta tulee tulenkantaja.<br \/>\nHannele Autin ohjaus on samaan aikaan hienovarainen ja vahvan n\u00e4kemyksellinen ja luo visuaaliseksi sen maailman, jota Turkka on tavoitellut \u00e4\u00e4nill\u00e4. Satu Niskasen itkuvirsi vie syv\u00e4lle arkaaiseen maailmaan. Mammu Koskelon kantele, Jari Lappalaisen ly\u00f6m\u00e4soittimet ja Turkan moraharppu rakentavat teoksen moni\u00e4\u00e4nisyyteen viel\u00e4 uusia kerrostumia, rytmillist\u00e4 ja visuaalisuutta tukevaa yll\u00e4tyksellisyytt\u00e4.Teos on saumaton kokonaisuus, jonka ansiot ovat paitsi musiikilliset my\u00f6s kulttuuriset. Myyttiset tarina-aihiot ja hahmot ovat universaaleja. Baba Yaga on kuin Louhi ja tarina-aihio kuin kansalliseepoksesta.<\/p>\n<p>Kesto on noin 70 min<br \/>\nTeos on omistettu Maija Simojoelle (1940-2019)<br \/>\nS\u00e4vellys ja libretto: Tellu Turkka<br \/>\nOhjaus: Hannele Autti<br \/>\nValosuunnittelu: Pyry Autti<br \/>\nKallot, luut ja linnut: P\u00e4ivi Saarelma<br \/>\nSolistit:<br \/>\nLeena Halonen Satu Niskanen Heli Paulasto<br \/>\nKatja Malinen Muusikot: Mammu Koskelo (kle), Jari Lappalainen (perc.)<\/p>\n<h2>A moving choral work \u2013 the finest art form in the world<\/h2>\n<p>I have been singing in choirs since I was a little girl. Already in the choir of Kari Ala-P\u00f6ll\u00e4nen\u2019s music classes some movement was added to music. Kari\u2019s skilled, inspiring and warm-hearted guidance gave rise to my love for choir singing.\u00a0 It also made me realize that it is good to watch a music performance from several perspectives and to bring down stuck boundaries. Choir lecterns, gowns and files may have their places somewhere but not in my work. Folk music education and studies in Norway and Sweden widened my world of tones and rhythms, and my path as a composer began with <em>Suden aika (Time of the Wolf)<\/em>. Marjukka Riihim\u00e4ki introduced me to choreographer-director P\u00e4ivi J\u00e4rvinen with whom I still work together. Our respect for each other is only growing<strong>. <\/strong>Tune \u2013 motion \u2013 rhythm \u2013 space \u2013 story, all of them intertwined, working wonders: the whole body resonates, the mind quiets down and a person is deeply moved from the bottom of their heart.<\/p>\n<p><a href=\"https:\/\/telluturkka.fi\/wp-content\/uploads\/2015\/09\/Philomela_SudenAika5.jpg\"><img loading=\"lazy\" decoding=\"async\" class=\"wp-image-87 aligncenter\" src=\"https:\/\/telluturkka.fi\/wp-content\/uploads\/2015\/09\/Philomela_SudenAika5-1024x576.jpg\" alt=\"Philomela_SudenAika5\" width=\"1305\" height=\"734\" srcset=\"https:\/\/telluturkka.fi\/wp-content\/uploads\/2015\/09\/Philomela_SudenAika5-1024x576.jpg 1024w, https:\/\/telluturkka.fi\/wp-content\/uploads\/2015\/09\/Philomela_SudenAika5-300x169.jpg 300w, https:\/\/telluturkka.fi\/wp-content\/uploads\/2015\/09\/Philomela_SudenAika5.jpg 1200w\" sizes=\"auto, (max-width: 767px) 89vw, (max-width: 1000px) 54vw, (max-width: 1071px) 543px, 580px\" \/><\/a><\/p>\n<p><b>1996 Suden aika \u2013 minun satuni \/ Time of the Wolf \u2013 My Fairy Tale (Sulasol, Philomela in the picture)<\/b><\/p>\n<p>In the beginning of the 1980\u2019s, I started my journey to the world of Kalevala-meter poetry and singing. My attraction to traditional singing and Kalevala\u2019s poetical language deepened into love. Furthermore, in the 1990\u2019s I got interested in old archetypal fairy tales and it was time to combine these two interests and create a song that has elements of sung poetry and fairy tales. \u00a0I made the solo album <em>Tellu:<\/em> <em>Suden aika (Time of the Wolf)<\/em>. It has had its longest life in the world of choirs. Philomela choir led by Marjukka Riihim\u00e4ki, Counselor of Music, has been performing <em>Suden aika (Time of the Wolf)<\/em> over twenty years with a brilliant choreography by choreographer-director P\u00e4ivi J\u00e4rvinen. The piece celebrated its 20th anniversary with festive shows in 2019 and it is still alive and running. Duration c. 40 min.<\/p>\n<p><a href=\"https:\/\/telluturkka.fi\/wp-content\/uploads\/2015\/09\/1909609_46655182604_391_n.jpg\"><img loading=\"lazy\" decoding=\"async\" class=\"wp-image-61 aligncenter\" src=\"https:\/\/telluturkka.fi\/wp-content\/uploads\/2015\/09\/1909609_46655182604_391_n.jpg\" alt=\"1909609_46655182604_391_n\" width=\"1205\" height=\"903\" srcset=\"https:\/\/telluturkka.fi\/wp-content\/uploads\/2015\/09\/1909609_46655182604_391_n.jpg 600w, https:\/\/telluturkka.fi\/wp-content\/uploads\/2015\/09\/1909609_46655182604_391_n-300x225.jpg 300w\" sizes=\"auto, (max-width: 767px) 89vw, (max-width: 1000px) 54vw, (max-width: 1071px) 543px, 580px\" \/><\/a><\/p>\n<p><strong>1999 <em>Enkelit \/ Angels<\/em> (commissioned by Fiori ensemble, Philomela in the picture)<\/strong><\/p>\n<p><em>Enkelit (Angels)<\/em> is a Kalevala-meter story of a woman that loses her child. After a year has passed, she starts to hear crying from the cellar. While going down to the cellar<em>,<\/em> she must face her worst fears. <em>Enkelit (Angels)<\/em> is a fierce journey deep into sorrow and back. Fiori ensemble from Jyv\u00e4skyl\u00e4 recorded this song, which they commissioned in 2000. The quartet <em>Suden aika (Time of the Wolf) <\/em>(Liisa Matveinen, Tellu Turkka, Katariina Airas, Nora Vaura) performed <em>Enkelit (Angels) <\/em>for several years and recorded their version of the song, which was included in the CD <em>Etsij\u00e4 (Seeker)<\/em> in 2006. The choreography and direction of Philomela\u2019s version of <em>Enkelit (Angels) <\/em>was created and carried through by P\u00e4ivi J\u00e4rvinen. Duration c. 25 min.<\/p>\n<p><a href=\"https:\/\/telluturkka.fi\/wp-content\/uploads\/2015\/09\/Philomela_Minnekauneus3.jpg\"><img loading=\"lazy\" decoding=\"async\" class=\"size-large wp-image-91 aligncenter\" src=\"https:\/\/telluturkka.fi\/wp-content\/uploads\/2015\/09\/Philomela_Minnekauneus3-1024x811.jpg\" alt=\"Philomela_Minnekauneus3\" width=\"1024\" height=\"811\" srcset=\"https:\/\/telluturkka.fi\/wp-content\/uploads\/2015\/09\/Philomela_Minnekauneus3-1024x811.jpg 1024w, https:\/\/telluturkka.fi\/wp-content\/uploads\/2015\/09\/Philomela_Minnekauneus3-300x238.jpg 300w, https:\/\/telluturkka.fi\/wp-content\/uploads\/2015\/09\/Philomela_Minnekauneus3.jpg 1200w\" sizes=\"auto, (max-width: 767px) 89vw, (max-width: 1000px) 54vw, (max-width: 1071px) 543px, 580px\" \/><\/a><\/p>\n<p><strong>2001 <em>Minne kauneus katosi? \/ Where Did the Beauty Fade? <\/em>(Sulasol, commissioned by Philomela choir, Sari Salmikivi from Philomela in the picture)<\/strong><\/p>\n<p>This piece, in which harsh hideousness and delicate beauty are united, deals with the theme of getting old in a world of narrow beauty standards. Philomela\u2019s strong choreography by P\u00e4ivi J\u00e4rvinen doesn\u2019t leave anyone cold.<\/p>\n<p><a href=\"https:\/\/telluturkka.fi\/wp-content\/uploads\/2015\/09\/Philomela_KadetonNeito1.jpg\"><img loading=\"lazy\" decoding=\"async\" class=\"wp-image-88 aligncenter\" src=\"https:\/\/telluturkka.fi\/wp-content\/uploads\/2015\/09\/Philomela_KadetonNeito1-1024x683.jpg\" alt=\"Philomela_KadetonNeito1\" width=\"547\" height=\"365\" srcset=\"https:\/\/telluturkka.fi\/wp-content\/uploads\/2015\/09\/Philomela_KadetonNeito1-1024x683.jpg 1024w, https:\/\/telluturkka.fi\/wp-content\/uploads\/2015\/09\/Philomela_KadetonNeito1-300x200.jpg 300w, https:\/\/telluturkka.fi\/wp-content\/uploads\/2015\/09\/Philomela_KadetonNeito1.jpg 1200w\" sizes=\"auto, (max-width: 547px) 100vw, 547px\" \/><\/a><\/p>\n<p><strong>(In the picture: me, Marjukka and P\u00e4ivi performing in the premiere of <em>K\u00e4det\u00f6n neito (The Handless Maiden)<\/em> in Tampereen S\u00e4vel, in 2009)<\/strong><\/p>\n<p><strong>2002 <em>Etsij\u00e4 \/ Seeker<\/em> (Sulasol)<\/strong><\/p>\n<p><em>Etsij\u00e4 (Seeker)<\/em> tells about that moment in one\u2019s life in which nothing else but the truth works. One must finally see themselves thoroughly, including the beauty hidden behind the shameful self-loath. <em>Suden aika (Time of the Wolf)<\/em> recorded this piece for the CD <em>Etsij\u00e4 (Seeker)<\/em>. Philomela made its own version choreographed by P\u00e4ivi J\u00e4rvinen. Duration c. 10 min.<\/p>\n<p><strong>2005 <em>Kotihin \/ Home<\/em> (Sulasol, commissioned by Philomela choir)<\/strong><\/p>\n<p>\u201dHome towards the womb\u201d, commented a friend in a silence retreat. I thought it was so well and beautifully put that I decided to make a song about it. The song did not quite reach the finish line even if Philomela performed it and <em>Suden aika (Time of the Wolf) <\/em>recorded it on the CD <em>Unta (Dream)<\/em>. Maybe I will still explore it through and try to walk it home. (In the summer 2015 the female choir KLONK of Klementtiopisto got quite close! Not the easiest song\u2026)<\/p>\n<p><strong>2007 <em>Luurankonainen \/ Skeleton Woman<\/em> (commissioned by Grex Musicus choir, In the picture: Grex Musicus and choir leader Marjukka Riihim\u00e4ki in Reddress of Aamu Song)<\/strong><\/p>\n<p><a href=\"https:\/\/telluturkka.fi\/wp-content\/uploads\/2015\/09\/1094605_578508945546343_2000049955_o.jpg\"><img loading=\"lazy\" decoding=\"async\" class=\"alignnone wp-image-62\" src=\"https:\/\/telluturkka.fi\/wp-content\/uploads\/2015\/09\/1094605_578508945546343_2000049955_o-1024x604.jpg\" alt=\"1094605_578508945546343_2000049955_o\" width=\"1419\" height=\"837\" srcset=\"https:\/\/telluturkka.fi\/wp-content\/uploads\/2015\/09\/1094605_578508945546343_2000049955_o-1024x604.jpg 1024w, https:\/\/telluturkka.fi\/wp-content\/uploads\/2015\/09\/1094605_578508945546343_2000049955_o-300x177.jpg 300w, https:\/\/telluturkka.fi\/wp-content\/uploads\/2015\/09\/1094605_578508945546343_2000049955_o.jpg 1200w\" sizes=\"auto, (max-width: 767px) 89vw, (max-width: 1000px) 54vw, (max-width: 1071px) 543px, 580px\" \/><\/a><\/p>\n<p>This piece is about a fisherman who catches the skeleton of a woman.\u00a0 The man gets scared and runs away \u2013 still carrying his fishing pole \u2013 and the skeleton gets dragged behind him. Finally<strong>,<\/strong> the fisherman gets home, calms down and starts to examine the skeleton. It\u2019s a female skeleton. Wonder what has happened to it? At night<strong>,<\/strong> when the man is sleeping<strong>,<\/strong> the skeleton gets up standing on its shaky feet. It takes the man\u2019s heart in her hands and starts drumming it and sings: Meat, meat, more meat! As a result<strong>,<\/strong> the skeleton gets meat around its bones, skin on top of that, eyes, hair and wow! A beautiful woman returns the heart back to the man\u2019s chest and lies down to sleep next to him. The next morning two beautiful living creatures wake up intertwined&#8230;<\/p>\n<p>I wrote this originally Icelandic story in Kalevala-meter and placed it in the Finnish landscape. At first<strong>,<\/strong> I was told that there was too much text for listeners to follow. Then I modified some barbies and built a melon boat with my daughter, and one autumn day \u2013 with help of few friends \u2013 I shot some still pictures in Kauppi forest and on the shore of lake N\u00e4sij\u00e4rvi. The result was projected on screen above the choir. And voila, it was so easy for people to follow the story! (In the lower picture: the lovely Apricus, the choir of the Tampere Steiner school\u2019s parents that I led for the school year 2013\u20132014)<\/p>\n<p><a href=\"https:\/\/telluturkka.fi\/wp-content\/uploads\/2015\/09\/is\u00e4ukko-ja-Apricus.jpg\"><img loading=\"lazy\" decoding=\"async\" class=\"wp-image-97 aligncenter\" src=\"https:\/\/telluturkka.fi\/wp-content\/uploads\/2015\/09\/is\u00e4ukko-ja-Apricus.jpg\" alt=\"is\u00e4ukko ja Apricus\" width=\"897\" height=\"1196\" srcset=\"https:\/\/telluturkka.fi\/wp-content\/uploads\/2015\/09\/is\u00e4ukko-ja-Apricus.jpg 576w, https:\/\/telluturkka.fi\/wp-content\/uploads\/2015\/09\/is\u00e4ukko-ja-Apricus-225x300.jpg 225w\" sizes=\"auto, (max-width: 767px) 89vw, (max-width: 1000px) 54vw, (max-width: 1071px) 543px, 580px\" \/><\/a><\/p>\n<p><strong>2008 <em>Y\u00f6kulkijan lauluja \/ Songs of a Night Wanderer<\/em> -series for a mixed choir and a folk music ensemble based on poems by Johanna Westersund (commissioned by Cantabile choir, Sulasol)<\/strong><\/p>\n<p><em>Y\u00f6kulkijan lauluja (Songs of a Night Wanderer)<\/em> paints a picture of the moods and sensations of a night owl through different seasons of a year. In <em>Maaliskuu (March)<\/em> the wanderer \u2013 wrapped in a warm ice fishing coverall \u2013 takes their time under the apple tree admiring the scenery painted by the full moon. Under the <em>Iso Karhu <\/em>(<em>Big Bear)<\/em> constellation the wanderer stops on the bank of the autumnal field and sinks into the arms of the fragrant soil that is just about to lie down and rest for the winter. <em>Iltapilvien alla (Under the evening clouds)<\/em> paints a picture of a dip into water soft as silk on a summer night. This series of songs was originally made for a mixed choir and a folk music ensemble. It had its premiere performed by Cantabile led by Rut Kiiski. There is also a female choir version of it available and that one is performed by Tellus from Tampere.<\/p>\n<p><a href=\"https:\/\/telluturkka.fi\/wp-content\/uploads\/2015\/09\/9674926.jpg\"><img loading=\"lazy\" decoding=\"async\" class=\"wp-image-63 aligncenter\" src=\"https:\/\/telluturkka.fi\/wp-content\/uploads\/2015\/09\/9674926.jpg\" alt=\"9674926\" width=\"1011\" height=\"672\" srcset=\"https:\/\/telluturkka.fi\/wp-content\/uploads\/2015\/09\/9674926.jpg 600w, https:\/\/telluturkka.fi\/wp-content\/uploads\/2015\/09\/9674926-300x200.jpg 300w\" sizes=\"auto, (max-width: 767px) 89vw, (max-width: 1000px) 54vw, (max-width: 1071px) 543px, 580px\" \/><\/a><\/p>\n<p><strong>2009 <em>K\u00e4det\u00f6n neito \/ The Handless Maiden<\/em> (commissioned by Philomela choir, directed by P\u00e4ivi J\u00e4rvinen, Picture: The premier at Tampere vocal music festival)<\/strong><\/p>\n<p><em>K\u00e4det\u00f6n neito (The Handless Maiden)<\/em> is originally an old Indo-European fairytale that has different versions over the world. The protagonist of the story is a girl who is tormented by an old contract with the Devil, who wants what belongs to him. Even if she has no hands. The story is about a struggle between light and darkness, about escape, discovery, torment and happiness. It allows the listener to follow the protagonist on her eventful journey going through monotony of routines, shine of stardust, and gloomy horror. <em>K\u00e4det\u00f6n neito (The Handless Maiden)<\/em> is a combination created by sound, movement, shadow, space and light and it is performed entirely without words. The work method here was an improvisation by the group through which the musical and visual world of the piece was created. What is new about this piece, in addition to the creation process, is the outcome in which different elements combine to form a comprehensive experience.<\/p>\n<p><strong>2011 <em>Suojaavat siipes, Jeesus \/ Your Protective Wings, Jesus<\/em>, 7 arrangements to old hymns (Commissioned by Her\u00e4tt\u00e4j\u00e4-Yhdistys, an association of a revivalist movement)<\/strong><\/p>\n<p>Working on this piece I cooperated with my old ensemble <em>Suden aika (Time of the Wolf)<\/em> and together we created a record full of Hymns of Zion arranged to a vocal group and folk instruments. This project was actually commissioned by relatives of\u00a0Liisa Matveinen, me and Katariina Airas and the initial idea of it was born years before the project was fully actualized. I had already arranged one of the hymns, <em>Iltavirsi (Evening Hymn)<\/em> to my beloved grandmother as a birthday present when she turned 85. <em>Suden aika (Time of the Wolf)<\/em> still performs this material and makes also new arrangements.<\/p>\n<p><strong>2012-13 <em>Viisi laulua Saima Harmajan runoihin \/ Five Songs to Poems by Saima Harmaja<\/em><\/strong><\/p>\n<p>Saima Harmaja is one of the most beloved poets of Finland, very dear to me too. Two songs; <em>Rannalla (On the Beach)<\/em> and <em>Huhtikuinen aamu (An April Morning)<\/em> were commissioned by Klemettiopiston Naiskuoro (The Women\u2019s Choir of Klemettiopisto). In these pieces, I practised a new fast croque technique, in which the songs are painted with fast pushes and the performer has a lot of room left for variation and improvisation.<em> L\u00e4hde (Spring)<\/em>, <em>Rajalla (On the Border)<\/em> and <em>Unen silta (The Bridge of a Dream)<\/em> were created for me. They were part of my repertory together with Timo Alakotila.<\/p>\n<figure id=\"attachment_218\" aria-describedby=\"caption-attachment-218\" style=\"width: 731px\" class=\"wp-caption alignnone\"><a href=\"https:\/\/telluturkka.fi\/wp-content\/uploads\/2017\/12\/katehelta-silm\u00e4t-2.jpg\"><img loading=\"lazy\" decoding=\"async\" class=\" wp-image-218\" src=\"https:\/\/telluturkka.fi\/wp-content\/uploads\/2017\/12\/katehelta-silm\u00e4t-2-300x200.jpg\" alt=\"\" width=\"731\" height=\"487\" srcset=\"https:\/\/telluturkka.fi\/wp-content\/uploads\/2017\/12\/katehelta-silm\u00e4t-2-300x200.jpg 300w, https:\/\/telluturkka.fi\/wp-content\/uploads\/2017\/12\/katehelta-silm\u00e4t-2.jpg 640w\" sizes=\"auto, (max-width: 731px) 100vw, 731px\" \/><\/a><figcaption id=\"caption-attachment-218\" class=\"wp-caption-text\">Photo: Karoliina Kolehmainen<\/figcaption><\/figure>\n<p><strong>2015 <em>Anna ja Lassi \/ Anna and Lassi<\/em><\/strong><\/p>\n<p>This is a wild and sad story from northern Finland, where Laestadianism (a revivalist movement) in the worst case manifests itself as a hypocrisy and as a will to judge. This story was given to me by a woman who is one of the two girls of this story.<\/p>\n<p>A young girl falls in love, lives with a man and has two children. In the end the man leaves her and marries another woman. The villagers whisper: \u201dSuch a worthless woman,\u00a0 has children without a husband, without the blessing of a priest.\u201d Anna is left as single mother of two. After a year she meets a lovely man, and everything seem to be working out. After the wedding the mother in law orders Anna to give her bastard children away. Anna begs her husband to defend her and the girls. The man, between two women, wants to avoid conflict and says: Have one, give the other away. Consequently, Anna had to choose which one of her daughters stays and which one leaves to live in another family on the other side of the lake. She carries her younger daughter on her back and the villagers whisper: \u201dSuch a worthless woman, abandons her child\u2026\u201d<\/p>\n<p>Kylm\u00e4n\u00e4 talvi-iltana<\/p>\n<p>nuorimmainen lapsista<\/p>\n<p>nyt Annan selk\u00e4\u00e4n sidottiin<\/p>\n<p>ja raskas matka alkoi niin.<\/p>\n<p>Paluumatka vei Annan kyl\u00e4n l\u00e4pi. Kyl\u00e4l\u00e4iset katsoivat ovelta, supisivat: &#8220;Huono nainen, lapsen hylk\u00e4si.&#8221;<\/p>\n","protected":false},"excerpt":{"rendered":"<p>BABA YAGA &#8211; H\u00c4PE\u00c4M\u00c4T\u00d6N! on liikkuva kuoroteos, joka kantaesitettiin Joensuussa 5.11.2021. Teos on kokonaan kalevalamittaan kirjoitettu saaga naisen matkasta valtaan ja voimaan. Turkan libretto ja s\u00e4vellys pohjaavat vanhaan ven\u00e4l\u00e4iseen, karjalassakin molemmin puolin rajaa hyvin tunnettuun satuun Viisas Vasalisa. Turkan teoksessa neito on saanut nimen Malina ja nukke on on vaihtunut Karjalassa paremmin tunnettuun sielulintuun. Nuori &hellip; <\/p>\n<p class=\"link-more\"><a href=\"https:\/\/telluturkka.fi\/en\/savellykset\/\" class=\"more-link\">Continue reading<span class=\"screen-reader-text\"> &#8220;Compositions \/ Choral works&#8221;<\/span><\/a><\/p>\n","protected":false},"author":2,"featured_media":0,"parent":0,"menu_order":0,"comment_status":"closed","ping_status":"closed","template":"","meta":{"footnotes":""},"class_list":["post-19","page","type-page","status-publish","hentry"],"translation":{"provider":"WPGlobus","version":"3.0.0","language":"en","enabled_languages":["fi","en"],"languages":{"fi":{"title":true,"content":true,"excerpt":false},"en":{"title":true,"content":true,"excerpt":false}}},"jetpack_sharing_enabled":true,"_links":{"self":[{"href":"https:\/\/telluturkka.fi\/en\/wp-json\/wp\/v2\/pages\/19","targetHints":{"allow":["GET"]}}],"collection":[{"href":"https:\/\/telluturkka.fi\/en\/wp-json\/wp\/v2\/pages"}],"about":[{"href":"https:\/\/telluturkka.fi\/en\/wp-json\/wp\/v2\/types\/page"}],"author":[{"embeddable":true,"href":"https:\/\/telluturkka.fi\/en\/wp-json\/wp\/v2\/users\/2"}],"replies":[{"embeddable":true,"href":"https:\/\/telluturkka.fi\/en\/wp-json\/wp\/v2\/comments?post=19"}],"version-history":[{"count":13,"href":"https:\/\/telluturkka.fi\/en\/wp-json\/wp\/v2\/pages\/19\/revisions"}],"predecessor-version":[{"id":789,"href":"https:\/\/telluturkka.fi\/en\/wp-json\/wp\/v2\/pages\/19\/revisions\/789"}],"wp:attachment":[{"href":"https:\/\/telluturkka.fi\/en\/wp-json\/wp\/v2\/media?parent=19"}],"curies":[{"name":"wp","href":"https:\/\/api.w.org\/{rel}","templated":true}]}}