{"id":17,"date":"2015-09-08T13:33:11","date_gmt":"2015-09-08T13:33:11","guid":{"rendered":"https:\/\/telluturkka.fi\/?page_id=17"},"modified":"2024-02-25T08:17:59","modified_gmt":"2024-02-25T08:17:59","slug":"sisaruet","status":"publish","type":"page","link":"https:\/\/telluturkka.fi\/en\/sisaruet\/","title":{"rendered":"Sisaruet"},"content":{"rendered":"<p><a href=\"https:\/\/telluturkka.fi\/wp-content\/uploads\/2018\/02\/Sisaruet-Arkijumalattaret.jpg\"><img loading=\"lazy\" decoding=\"async\" class=\"wp-image-243 aligncenter\" src=\"https:\/\/telluturkka.fi\/wp-content\/uploads\/2018\/02\/Sisaruet-Arkijumalattaret.jpg\" alt=\"\" width=\"900\" height=\"619\" srcset=\"https:\/\/telluturkka.fi\/wp-content\/uploads\/2018\/02\/Sisaruet-Arkijumalattaret.jpg 1200w, https:\/\/telluturkka.fi\/wp-content\/uploads\/2018\/02\/Sisaruet-Arkijumalattaret-300x206.jpg 300w, https:\/\/telluturkka.fi\/wp-content\/uploads\/2018\/02\/Sisaruet-Arkijumalattaret-768x528.jpg 768w, https:\/\/telluturkka.fi\/wp-content\/uploads\/2018\/02\/Sisaruet-Arkijumalattaret-1024x704.jpg 1024w\" sizes=\"auto, (max-width: 767px) 89vw, (max-width: 1000px) 54vw, (max-width: 1071px) 543px, 580px\" \/><\/a><\/p>\n<p>The women\u2019s choir <em>Sisaruet (Sisters)<\/em> was founded in Joensuu in January 2015. (The picture above: Johanna Turunen, <em>Arkijumalattaret <\/em>(<em>Everyday Goddesses<\/em>), Spring 2017, the paintings also by Johanna Turunen) The choir is led by MMus Tellu Turkka, composer &#8211; musician \u2013 pedagogue, who has a long career in choral music both as a composer and as an educator.<\/p>\n<p>Many kinds of talents manifest in this choir. The traditional formation of a choir is rare to us. Costumes are different in every performance. Most often we construct a moving piece together based on a theme in question. We have had modern choir music based on folk music, old hits and ballads in our repertoire. Sometimes we perform with a band, sometimes without. In addition to singing, we play drums, recorders or whatever the show needs. The central theme of the songs here is a woman\u2019s life and all its colorful stages viewed from several perspectives, often eyes glistening with tears, sometimes a tear of sorrow, another of joy. Performances done by now:<\/p>\n<p>&#8211; \u00a0 \u00a0 <em>Pyjamakiertue \/ A Tour in Pyjamas<\/em> (lullabies for old people\u2019s houses)<\/p>\n<p><a href=\"https:\/\/telluturkka.fi\/wp-content\/uploads\/2018\/02\/Sisaruet-pyjamakuva.jpg\"><img loading=\"lazy\" decoding=\"async\" class=\"alignnone wp-image-244 \" src=\"https:\/\/telluturkka.fi\/wp-content\/uploads\/2018\/02\/Sisaruet-pyjamakuva.jpg\" alt=\"\" width=\"484\" height=\"272\" srcset=\"https:\/\/telluturkka.fi\/wp-content\/uploads\/2018\/02\/Sisaruet-pyjamakuva.jpg 720w, https:\/\/telluturkka.fi\/wp-content\/uploads\/2018\/02\/Sisaruet-pyjamakuva-300x169.jpg 300w\" sizes=\"auto, (max-width: 484px) 100vw, 484px\" \/><\/a><\/p>\n<p>&#8211; \u00a0 \u00a0 <em>Kuu paistaa \/ The Moon Is Shining<\/em> (at Art Museum Onni in November 2015, Kalmokuoro (Choir Corpse) sang ghost stories led by Mama Kaber)<\/p>\n<p><a href=\"https:\/\/telluturkka.fi\/wp-content\/uploads\/2018\/02\/Sisaruet-kalmokuoro.jpg\"><img loading=\"lazy\" decoding=\"async\" class=\"alignnone size-medium wp-image-241\" src=\"https:\/\/telluturkka.fi\/wp-content\/uploads\/2018\/02\/Sisaruet-kalmokuoro-241x300.jpg\" alt=\"\" width=\"241\" height=\"300\" srcset=\"https:\/\/telluturkka.fi\/wp-content\/uploads\/2018\/02\/Sisaruet-kalmokuoro-241x300.jpg 241w, https:\/\/telluturkka.fi\/wp-content\/uploads\/2018\/02\/Sisaruet-kalmokuoro-768x955.jpg 768w, https:\/\/telluturkka.fi\/wp-content\/uploads\/2018\/02\/Sisaruet-kalmokuoro.jpg 772w\" sizes=\"auto, (max-width: 241px) 100vw, 241px\" \/><\/a><a href=\"https:\/\/telluturkka.fi\/wp-content\/uploads\/2018\/02\/Mama-ja-maksan-vihat-A2-kopio.jpg\"><img loading=\"lazy\" decoding=\"async\" class=\"alignnone size-medium wp-image-247\" src=\"https:\/\/telluturkka.fi\/wp-content\/uploads\/2018\/02\/Mama-ja-maksan-vihat-A2-kopio-212x300.jpg\" alt=\"\" width=\"212\" height=\"300\" srcset=\"https:\/\/telluturkka.fi\/wp-content\/uploads\/2018\/02\/Mama-ja-maksan-vihat-A2-kopio-212x300.jpg 212w, https:\/\/telluturkka.fi\/wp-content\/uploads\/2018\/02\/Mama-ja-maksan-vihat-A2-kopio-768x1086.jpg 768w, https:\/\/telluturkka.fi\/wp-content\/uploads\/2018\/02\/Mama-ja-maksan-vihat-A2-kopio-724x1024.jpg 724w, https:\/\/telluturkka.fi\/wp-content\/uploads\/2018\/02\/Mama-ja-maksan-vihat-A2-kopio.jpg 849w\" sizes=\"auto, (max-width: 212px) 100vw, 212px\" \/><\/a><\/p>\n<p>&#8211; \u00a0 \u00a0 <em>Arkijumalattaret \/ Everyday Goddesses <\/em>(at Art Center Ahjo in May 2017, Johanna Westersund\u2019s Arkijumalattaret (Everyday Goddesses) + other songs)<\/p>\n<p>&#8211; \u00a0 \u00a0 <em>Tuhmien laulujen tuokio \/ Moment of Naughty Songs<\/em> (at Art Museum Onni at The Night of the Arts 2017 led by Herr Doctor Ernst Woipio, and of course this concert of naughty songs is performed in a strict formation wearing gowns that hide plastic recorders in their sleeves\u2026)<\/p>\n<p><a href=\"https:\/\/telluturkka.fi\/wp-content\/uploads\/2018\/02\/Ernst-Woipio.jpg\"><img loading=\"lazy\" decoding=\"async\" class=\"alignnone size-medium wp-image-245\" src=\"https:\/\/telluturkka.fi\/wp-content\/uploads\/2018\/02\/Ernst-Woipio-231x300.jpg\" alt=\"\" width=\"231\" height=\"300\" srcset=\"https:\/\/telluturkka.fi\/wp-content\/uploads\/2018\/02\/Ernst-Woipio-231x300.jpg 231w, https:\/\/telluturkka.fi\/wp-content\/uploads\/2018\/02\/Ernst-Woipio.jpg 481w\" sizes=\"auto, (max-width: 231px) 100vw, 231px\" \/><\/a> <a href=\"https:\/\/telluturkka.fi\/wp-content\/uploads\/2018\/02\/sisaruet-tuhmat-laulut.jpg\"><img loading=\"lazy\" decoding=\"async\" class=\"alignnone wp-image-246 \" src=\"https:\/\/telluturkka.fi\/wp-content\/uploads\/2018\/02\/sisaruet-tuhmat-laulut-1024x702.jpg\" alt=\"\" width=\"440\" height=\"301\" srcset=\"https:\/\/telluturkka.fi\/wp-content\/uploads\/2018\/02\/sisaruet-tuhmat-laulut-1024x702.jpg 1024w, https:\/\/telluturkka.fi\/wp-content\/uploads\/2018\/02\/sisaruet-tuhmat-laulut-300x206.jpg 300w, https:\/\/telluturkka.fi\/wp-content\/uploads\/2018\/02\/sisaruet-tuhmat-laulut-768x527.jpg 768w, https:\/\/telluturkka.fi\/wp-content\/uploads\/2018\/02\/sisaruet-tuhmat-laulut.jpg 1200w\" sizes=\"auto, (max-width: 440px) 100vw, 440px\" \/><\/a><\/p>\n<p>&#8211; \u00a0 \u00a0 <em>Luurankonainen \/ Skeleton Woman<\/em> \u2013 dark stories of love (together with the Theatre V\u00e4\u00e4r\u00e4py\u00f6r\u00e4 and Hiien Hurtta Ensemble at Pakkahuone) In the picture below you can see a rehearsal session of drumming. The sorrow from the sad and unjust stories on the A-side was collectively cried along Satu Niskanen\u2019s lament, funeral march turning into a heated polska that ended with a cathartic drumming. The B-side was about love stories from both divine and profane perspectives. Couple of gods visited in order to rock Iris Brocke to a wine festival of gods. This concert was the first time I experimented with a choir as a mobile coulisse into which pictures were projected.<\/p>\n<p><a href=\"https:\/\/telluturkka.fi\/wp-content\/uploads\/2018\/02\/Sisaruet-rummuttaa.jpg\"><img loading=\"lazy\" decoding=\"async\" class=\"alignnone wp-image-242 \" src=\"https:\/\/telluturkka.fi\/wp-content\/uploads\/2018\/02\/Sisaruet-rummuttaa.jpg\" alt=\"\" width=\"673\" height=\"371\" srcset=\"https:\/\/telluturkka.fi\/wp-content\/uploads\/2018\/02\/Sisaruet-rummuttaa.jpg 960w, https:\/\/telluturkka.fi\/wp-content\/uploads\/2018\/02\/Sisaruet-rummuttaa-300x165.jpg 300w, https:\/\/telluturkka.fi\/wp-content\/uploads\/2018\/02\/Sisaruet-rummuttaa-768x422.jpg 768w\" sizes=\"auto, (max-width: 673px) 100vw, 673px\" \/><\/a><\/p>\n<figure id=\"attachment_218\" aria-describedby=\"caption-attachment-218\" style=\"width: 673px\" class=\"wp-caption alignnone\"><a href=\"https:\/\/telluturkka.fi\/wp-content\/uploads\/2017\/12\/katehelta-silm\u00e4t-2.jpg\"><img loading=\"lazy\" decoding=\"async\" class=\"wp-image-218 \" src=\"https:\/\/telluturkka.fi\/wp-content\/uploads\/2017\/12\/katehelta-silm\u00e4t-2.jpg\" alt=\"\" width=\"673\" height=\"449\" srcset=\"https:\/\/telluturkka.fi\/wp-content\/uploads\/2017\/12\/katehelta-silm\u00e4t-2.jpg 640w, https:\/\/telluturkka.fi\/wp-content\/uploads\/2017\/12\/katehelta-silm\u00e4t-2-300x200.jpg 300w\" sizes=\"auto, (max-width: 673px) 100vw, 673px\" \/><\/a><figcaption id=\"caption-attachment-218\" class=\"wp-caption-text\">photo: Karoliina Kolehmainen<\/figcaption><\/figure>\n<p><a href=\"https:\/\/telluturkka.fi\/wp-content\/uploads\/2018\/03\/Iiris-ja-jumalat-3-kopio.jpg\"><img loading=\"lazy\" decoding=\"async\" class=\"alignnone wp-image-286 \" src=\"https:\/\/telluturkka.fi\/wp-content\/uploads\/2018\/03\/Iiris-ja-jumalat-3-kopio.jpg\" alt=\"\" width=\"673\" height=\"449\" srcset=\"https:\/\/telluturkka.fi\/wp-content\/uploads\/2018\/03\/Iiris-ja-jumalat-3-kopio.jpg 640w, https:\/\/telluturkka.fi\/wp-content\/uploads\/2018\/03\/Iiris-ja-jumalat-3-kopio-300x200.jpg 300w\" sizes=\"auto, (max-width: 673px) 100vw, 673px\" \/><\/a><\/p>\n<p>photo: Karoliina Kolehmainen<\/p>\n","protected":false},"excerpt":{"rendered":"<p>The women\u2019s choir Sisaruet (Sisters) was founded in Joensuu in January 2015. (The picture above: Johanna Turunen, Arkijumalattaret (Everyday Goddesses), Spring 2017, the paintings also by Johanna Turunen) The choir is led by MMus Tellu Turkka, composer &#8211; musician \u2013 pedagogue, who has a long career in choral music both as a composer and as &hellip; <\/p>\n<p class=\"link-more\"><a href=\"https:\/\/telluturkka.fi\/en\/sisaruet\/\" class=\"more-link\">Continue reading<span class=\"screen-reader-text\"> &#8220;Sisaruet&#8221;<\/span><\/a><\/p>\n","protected":false},"author":2,"featured_media":787,"parent":0,"menu_order":0,"comment_status":"closed","ping_status":"closed","template":"","meta":{"footnotes":""},"class_list":["post-17","page","type-page","status-publish","has-post-thumbnail","hentry"],"translation":{"provider":"WPGlobus","version":"3.0.0","language":"en","enabled_languages":["fi","en"],"languages":{"fi":{"title":true,"content":true,"excerpt":false},"en":{"title":false,"content":true,"excerpt":false}}},"jetpack_sharing_enabled":true,"_links":{"self":[{"href":"https:\/\/telluturkka.fi\/en\/wp-json\/wp\/v2\/pages\/17","targetHints":{"allow":["GET"]}}],"collection":[{"href":"https:\/\/telluturkka.fi\/en\/wp-json\/wp\/v2\/pages"}],"about":[{"href":"https:\/\/telluturkka.fi\/en\/wp-json\/wp\/v2\/types\/page"}],"author":[{"embeddable":true,"href":"https:\/\/telluturkka.fi\/en\/wp-json\/wp\/v2\/users\/2"}],"replies":[{"embeddable":true,"href":"https:\/\/telluturkka.fi\/en\/wp-json\/wp\/v2\/comments?post=17"}],"version-history":[{"count":11,"href":"https:\/\/telluturkka.fi\/en\/wp-json\/wp\/v2\/pages\/17\/revisions"}],"predecessor-version":[{"id":786,"href":"https:\/\/telluturkka.fi\/en\/wp-json\/wp\/v2\/pages\/17\/revisions\/786"}],"wp:featuredmedia":[{"embeddable":true,"href":"https:\/\/telluturkka.fi\/en\/wp-json\/wp\/v2\/media\/787"}],"wp:attachment":[{"href":"https:\/\/telluturkka.fi\/en\/wp-json\/wp\/v2\/media?parent=17"}],"curies":[{"name":"wp","href":"https:\/\/api.w.org\/{rel}","templated":true}]}}