{"id":13,"date":"2015-09-08T13:32:25","date_gmt":"2015-09-08T13:32:25","guid":{"rendered":"https:\/\/telluturkka.fi\/?page_id=13"},"modified":"2020-04-29T08:49:54","modified_gmt":"2020-04-29T08:49:54","slug":"ruumiinmullat","status":"publish","type":"page","link":"https:\/\/telluturkka.fi\/en\/ruumiinmullat\/","title":{"rendered":"Ruumiinmullat \/ Soil of Coprses"},"content":{"rendered":"<audio class=\"wp-audio-shortcode\" id=\"audio-13-1\" preload=\"none\" style=\"width: 100%;\" controls=\"controls\"><source type=\"audio\/mpeg\" src=\"https:\/\/telluturkka.fi\/wp-content\/uploads\/2015\/09\/Hautakummun-kolistaja-demo-1.mp3?_=1\" \/><a href=\"https:\/\/telluturkka.fi\/wp-content\/uploads\/2015\/09\/Hautakummun-kolistaja-demo-1.mp3\">https:\/\/telluturkka.fi\/wp-content\/uploads\/2015\/09\/Hautakummun-kolistaja-demo-1.mp3<\/a><\/audio>\n<p dir=\"ltr\"><a href=\"https:\/\/telluturkka.fi\/wp-content\/uploads\/2015\/09\/MGRMJohannaTurunen-kopio.jpg\"><img loading=\"lazy\" decoding=\"async\" class=\"alignnone size-large wp-image-102\" src=\"https:\/\/telluturkka.fi\/wp-content\/uploads\/2015\/09\/MGRMJohannaTurunen-kopio-1024x750.jpg\" alt=\"MG&amp;RMJohannaTurunen (kopio)\" width=\"1024\" height=\"750\" srcset=\"https:\/\/telluturkka.fi\/wp-content\/uploads\/2015\/09\/MGRMJohannaTurunen-kopio-1024x750.jpg 1024w, https:\/\/telluturkka.fi\/wp-content\/uploads\/2015\/09\/MGRMJohannaTurunen-kopio-300x220.jpg 300w, https:\/\/telluturkka.fi\/wp-content\/uploads\/2015\/09\/MGRMJohannaTurunen-kopio.jpg 1200w\" sizes=\"auto, (max-width: 767px) 89vw, (max-width: 1000px) 54vw, (max-width: 1071px) 543px, 580px\" \/><\/a><\/p>\n<p>Does your mouth taste like soil?<\/p>\n<p>No worries, we will help you.<\/p>\n<p>A death-smelling medication is now for sale.<\/p>\n<p>Dosed into your ears whenever symptoms appear.<\/p>\n<p><em>Ruumiinmullat \/ Soil of Corpses<\/em> is an ensemble of three women. It cures people\u2019s fear of death by using a so-called homeopathic method i.e. by spooking them more with death-smelling songs.<\/p>\n<p>Members: Kalmo-beibe (Petra Poutanen-Hurme): vocals, kantele, qoudzing<br \/>\nHuutolaispoika (Hanna Rajakangas): vocals, igil<br \/>\nMuseum assistant Mama Kaber (Tellu Turkka): vocals, moraharpa, udu<\/p>\n<audio class=\"wp-audio-shortcode\" id=\"audio-13-2\" preload=\"none\" style=\"width: 100%;\" controls=\"controls\"><source type=\"audio\/mpeg\" src=\"https:\/\/telluturkka.fi\/wp-content\/uploads\/2015\/09\/Kuu-paistaa-kuollut-ajaa-maistiainen.mp3?_=2\" \/><a href=\"https:\/\/telluturkka.fi\/wp-content\/uploads\/2015\/09\/Kuu-paistaa-kuollut-ajaa-maistiainen.mp3\">https:\/\/telluturkka.fi\/wp-content\/uploads\/2015\/09\/Kuu-paistaa-kuollut-ajaa-maistiainen.mp3<\/a><\/audio>\n<p dir=\"ltr\"><strong>Kuu paistaa, kuollut ajaa:<\/strong><\/p>\n<p dir=\"ltr\">&#8220;Kuu paistaa heli\u00e4\u00e4,<br \/>\nkuollut ajaa kevi\u00e4\u00e4.<br \/>\nEtk\u00f6s, el\u00e4v\u00e4 pelk\u00e4\u00e4?&#8221;<\/p>\n<audio class=\"wp-audio-shortcode\" id=\"audio-13-3\" preload=\"none\" style=\"width: 100%;\" controls=\"controls\"><source type=\"audio\/mpeg\" src=\"https:\/\/telluturkka.fi\/wp-content\/uploads\/2015\/09\/L\u00e4mmin-lepp\u00e4-maistiainen.mp3?_=3\" \/><a href=\"https:\/\/telluturkka.fi\/wp-content\/uploads\/2015\/09\/L\u00e4mmin-lepp\u00e4-maistiainen.mp3\">https:\/\/telluturkka.fi\/wp-content\/uploads\/2015\/09\/L\u00e4mmin-lepp\u00e4-maistiainen.mp3<\/a><\/audio>\n<p>In a song called <em>L\u00e4mmin lepp\u00e4 (Warm Alder)<\/em> a dead body is not getting cold nor stiffening and it even opens its eyes again and again: \u201dLike it still wanted to see and hear everything. You might think this dead person is still alive.\u201d<\/p>\n<audio class=\"wp-audio-shortcode\" id=\"audio-13-4\" preload=\"none\" style=\"width: 100%;\" controls=\"controls\"><source type=\"audio\/mpeg\" src=\"https:\/\/telluturkka.fi\/wp-content\/uploads\/2015\/09\/Talvisilm\u00e4-maistiainen.mp3?_=4\" \/><a href=\"https:\/\/telluturkka.fi\/wp-content\/uploads\/2015\/09\/Talvisilm\u00e4-maistiainen.mp3\">https:\/\/telluturkka.fi\/wp-content\/uploads\/2015\/09\/Talvisilm\u00e4-maistiainen.mp3<\/a><\/audio>\n<p>Do you know people that make you feel blank and down for almost a week after you\u2019ve met them? Have you ever met <em>Talvisilm\u00e4 (Winter Eye)<\/em>? Here you will get a sample.<\/p>\n<audio class=\"wp-audio-shortcode\" id=\"audio-13-5\" preload=\"none\" style=\"width: 100%;\" controls=\"controls\"><source type=\"audio\/mpeg\" src=\"https:\/\/telluturkka.fi\/wp-content\/uploads\/2015\/09\/\u00c4l\u00e4-nuku-syntinen-demopala.mp3?_=5\" \/><a href=\"https:\/\/telluturkka.fi\/wp-content\/uploads\/2015\/09\/\u00c4l\u00e4-nuku-syntinen-demopala.mp3\">https:\/\/telluturkka.fi\/wp-content\/uploads\/2015\/09\/\u00c4l\u00e4-nuku-syntinen-demopala.mp3<\/a><\/audio>\n<p>Are you suffering from insomnia? Is it a sin that keeps you awake? In the 19th century the church was the best one in terrorizing people, keeping them afraid. Here is a sample of a slightly revised, new version of a gem that was long ago removed from the official hymnal of the Evangelical Lutheran Church of Finland,\u00a0<em>\u00c4l\u00e4 nuku, syntinen! (Don\u2019t You Sleep, Sinner!)<\/em><\/p>\n<p>.<\/p>\n","protected":false},"excerpt":{"rendered":"<p>Does your mouth taste like soil? No worries, we will help you. A death-smelling medication is now for sale. Dosed into your ears whenever symptoms appear. Ruumiinmullat \/ Soil of Corpses is an ensemble of three women. It cures people\u2019s fear of death by using a so-called homeopathic method i.e. by spooking them more with &hellip; <\/p>\n<p class=\"link-more\"><a href=\"https:\/\/telluturkka.fi\/en\/ruumiinmullat\/\" class=\"more-link\">Continue reading<span class=\"screen-reader-text\"> &#8220;Ruumiinmullat \/ Soil of Coprses&#8221;<\/span><\/a><\/p>\n","protected":false},"author":2,"featured_media":73,"parent":0,"menu_order":0,"comment_status":"closed","ping_status":"closed","template":"","meta":{"footnotes":""},"class_list":["post-13","page","type-page","status-publish","has-post-thumbnail","hentry"],"translation":{"provider":"WPGlobus","version":"3.0.0","language":"en","enabled_languages":["fi","en"],"languages":{"fi":{"title":true,"content":true,"excerpt":false},"en":{"title":true,"content":true,"excerpt":false}}},"jetpack_sharing_enabled":true,"_links":{"self":[{"href":"https:\/\/telluturkka.fi\/en\/wp-json\/wp\/v2\/pages\/13","targetHints":{"allow":["GET"]}}],"collection":[{"href":"https:\/\/telluturkka.fi\/en\/wp-json\/wp\/v2\/pages"}],"about":[{"href":"https:\/\/telluturkka.fi\/en\/wp-json\/wp\/v2\/types\/page"}],"author":[{"embeddable":true,"href":"https:\/\/telluturkka.fi\/en\/wp-json\/wp\/v2\/users\/2"}],"replies":[{"embeddable":true,"href":"https:\/\/telluturkka.fi\/en\/wp-json\/wp\/v2\/comments?post=13"}],"version-history":[{"count":23,"href":"https:\/\/telluturkka.fi\/en\/wp-json\/wp\/v2\/pages\/13\/revisions"}],"predecessor-version":[{"id":446,"href":"https:\/\/telluturkka.fi\/en\/wp-json\/wp\/v2\/pages\/13\/revisions\/446"}],"wp:featuredmedia":[{"embeddable":true,"href":"https:\/\/telluturkka.fi\/en\/wp-json\/wp\/v2\/media\/73"}],"wp:attachment":[{"href":"https:\/\/telluturkka.fi\/en\/wp-json\/wp\/v2\/media?parent=13"}],"curies":[{"name":"wp","href":"https:\/\/api.w.org\/{rel}","templated":true}]}}